{"id":124,"date":"2023-12-08T08:19:43","date_gmt":"2023-12-08T07:19:43","guid":{"rendered":"https:\/\/vipla.se\/integritetspolicy\/"},"modified":"2024-05-31T14:53:52","modified_gmt":"2024-05-31T12:53:52","slug":"datenschutzrichtlinie","status":"publish","type":"page","link":"https:\/\/vipla.se\/de\/datenschutzrichtlinie\/","title":{"rendered":"Datenschutzrichtlinie"},"content":{"rendered":"<h1 class=\"wp-block-heading\">Datenschutzrichtlinie<\/h1>\n<p>&#8222;Die Datenschutzrichtlinie enth\u00e4lt wichtige Informationen dar\u00fcber, wie wir als datenschutzrechtlich Verantwortliche die personenbezogenen Daten unserer Besucher und Kunden gem\u00e4\u00df der Datenschutz-Grundverordnung (DSGVO) verarbeiten. Diese Richtlinie gilt in Situationen, in denen die Vipla Aktiebolag (&#8218;Vipla&#8216;, &#8218;wir&#8216;, &#8218;uns&#8216; und &#8218;unser&#8216;) personenbezogene Informationen verarbeitet, die von der Website und anderen digitalen Kan\u00e4len stammen, auf denen wir pr\u00e4sent sind.<\/p>\n<p>Durch die Nutzung unserer Website und\/oder anderer digitaler Kan\u00e4le, auf denen Sie uns aktiv Informationen \u00fcbermitteln, erkl\u00e4ren Sie sich damit einverstanden, dass Ihre personenbezogenen Daten gem\u00e4\u00df dieser Datenschutzrichtlinie verarbeitet werden.<\/p>\n<p>Die Datenschutzrichtlinie gilt ab dem 27. November 2023 und ersetzt alle fr\u00fcheren Informationen zu unserem Umgang mit personenbezogenen Daten.&#8220;<\/p>\n<h2>Was sind personenbezogene Daten?<\/h2>\n<p>Personenbezogene Daten sind Informationen, die die Identifizierung einer physischen Person erm\u00f6glichen. Eine identifizierbare physische Person ist eine Person, die direkt oder indirekt anhand von Namen, Personenkennnummer, Standortdaten, IP-Adresse oder anderen Faktoren identifiziert werden kann.<\/p>\n<p>Als unser Kunde k\u00f6nnen Sie im Zusammenhang mit dem Abschluss eines Vertrags mit uns personenbezogene Informationen an uns weitergeben. Dies kann beispielsweise Namen und Kontaktdaten umfassen.<\/p>\n<p>Es werden keine personenbezogenen Informationen ohne Ihre Zustimmung gesammelt. Sie m\u00fcssen diese aktiv an uns senden, beispielsweise \u00fcber ein Formular auf unserer Website oder in anderen digitalen Kan\u00e4len.<\/p>\n<h2>Zweck der Verarbeitung Ihrer personenbezogenen Daten<\/h2>\n<p>Wir verarbeiten personenbezogene Daten ausschlie\u00dflich, um Anfragen zu beantworten und\/oder Vertr\u00e4ge mit Ihnen als Kunden zu erf\u00fcllen.<\/p>\n<h2>Empf\u00e4nger Ihrer personenbezogenen Daten<\/h2>\n<p>Wir \u00fcbermitteln keine personenbezogenen Daten an Dritte, mit Ausnahme von vertrauensw\u00fcrdigen Dritten, die uns bei der Gesch\u00e4ftsf\u00fchrung unterst\u00fctzen, Waren liefern, die Sie bei uns bestellen, oder Dienstleistungen erbringen, sofern diese Parteien zustimmen, die Informationen vertraulich zu behandeln und sie nicht f\u00fcr andere Zwecke als ihre Verpflichtungen uns gegen\u00fcber zu verwenden.<\/p>\n<h2>Wie lange speichern wir Ihre personenbezogenen Daten<\/h2>\n<p>Wir speichern Ihre personenbezogenen Daten so lange, wie der urspr\u00fcngliche Zweck, f\u00fcr den sie gesammelt wurden, besteht. Der Zweck der Datensammlung wird bei Ihrer Einwilligung deutlich gemacht.<\/p>\n<h2>Sensibla Daten<\/h2>\n<p>Wir sammeln keine sensiblen personenbezogenen Daten von Ihnen.<\/p>\n<h2>Ihre Rechte<\/h2>\n<ul>\n<li>Sie haben das Recht, eine erteilte Einwilligung zu widerrufen.<\/li>\n<li>Sie haben das Recht, Informationen dar\u00fcber anzufordern, welche personenbezogenen Daten wir \u00fcber Sie speichern. Sie haben die M\u00f6glichkeit, dies einmal im Jahr kostenlos zu tun.<\/li>\n<li>Sie k\u00f6nnen auch \u00c4nderungen an falschen personenbezogenen Daten, die wir \u00fcber Sie haben, verlangen und beantragen, dass wir die von uns \u00fcber Sie gespeicherten personenbezogenen Informationen l\u00f6schen.<\/li>\n<li>Sie haben das Recht, die L\u00f6schung Ihrer personenbezogenen Daten, die wir speichern, zu verlangen.<\/li>\n<li>Sie haben das Recht, gegen die Verwendung Ihrer personenbezogenen Daten Einspruch zu erheben.<\/li>\n<li>Sie haben das Recht, eine Einschr\u00e4nkung unserer Verarbeitung Ihrer personenbezogenen Daten zu verlangen.<\/li>\n<li>Sie haben das Recht, Beschwerde \u00fcber unsere Verarbeitung Ihrer personenbezogenen Daten bei der Datenschutzbeh\u00f6rde oder einer anderen Aufsichtsbeh\u00f6rde einzureichen.<\/li>\n<\/ul>\n<h2>Dritte Partei<\/h2>\n<p>Auf der Website k\u00f6nnen wir Links zu Produkten von Dritten bereitstellen oder ver\u00f6ffentlichen. Diese Websites sind unabh\u00e4ngig von uns.<\/p>\n<h2>\u00c4nderungen der Datenschutzrichtlinie<\/h2>\n<p>Die Vipla Aktiebolag beh\u00e4lt sich das Recht vor, \u00c4nderungen an dieser Richtlinie vorzunehmen.<\/p>\n<p>Zuletzt aktualisiert am: 27. November 2023.<\/p>\n<h2>Kontakt<\/h2>\n<p>Wenn Sie Fragen zu unserer Datenschutzrichtlinie oder zur Verarbeitung Ihrer personenbezogenen Daten haben, k\u00f6nnen Sie uns gerne unter info@vipla.se kontaktieren<\/p>\n<h2>Cookies<\/h2>\n<p>Cookies sind Dateien, die \u00fcber Ihren Webbrowser auf Ihrem Ger\u00e4t gespeichert werden. Diese Website verwendet dauerhafte und tempor\u00e4re Cookies. Dauerhafte Cookies werden als Datei auf Ihrem Ger\u00e4t f\u00fcr eine bestimmte Zeit gespeichert, bis Sie sie selbst oder der Server, der sie gesendet hat, l\u00f6scht. Tempor\u00e4re Cookies werden vor\u00fcbergehend gespeichert und verschwinden, wenn Sie Ihren Browser schlie\u00dfen.<\/p>\n<p>Wir verwenden Cookies, um Ihre Web-Erfahrung zu verbessern. Einige Cookies sind erforderlich, damit die Website ordnungsgem\u00e4\u00df funktioniert. Andere Cookies werden verwendet, um Informationen dar\u00fcber zu sammeln, wie die Website genutzt wird, damit wir sie weiter verbessern k\u00f6nnen. Schlie\u00dflich werden Cookies f\u00fcr gezielte Werbung verwendet.<\/p>\n<p><a href=\"#cookie-settings\" data-cc=\"c-settings\" style=\"font-family: inherit;font-size: inherit;font-weight: inherit;color: black;text-decoration: underline;\/* cursor: pointer; \/\/ display: none; *\/\">Cookie-Einstellungen<\/a>.<\/p>\n","protected":false},"excerpt":{"rendered":"<p>Datenschutzrichtlinie &#8222;Die Datenschutzrichtlinie enth\u00e4lt wichtige Informationen dar\u00fcber, wie wir als datenschutzrechtlich Verantwortliche die personenbezogenen Daten unserer Besucher und Kunden gem\u00e4\u00df der Datenschutz-Grundverordnung (DSGVO) verarbeiten. Diese Richtlinie gilt in Situationen, in denen die Vipla Aktiebolag (&#8218;Vipla&#8216;, &#8218;wir&#8216;, &#8218;uns&#8216; und &#8218;unser&#8216;) personenbezogene Informationen verarbeitet, die von der Website und anderen digitalen Kan\u00e4len stammen, auf denen wir pr\u00e4sent [&hellip;]<\/p>\n","protected":false},"author":1,"featured_media":0,"parent":0,"menu_order":0,"comment_status":"closed","ping_status":"open","template":"","meta":{"_acf_changed":false,"footnotes":""},"class_list":["post-124","page","type-page","status-publish","hentry"],"acf":[],"_links":{"self":[{"href":"https:\/\/vipla.se\/de\/wp-json\/wp\/v2\/pages\/124","targetHints":{"allow":["GET"]}}],"collection":[{"href":"https:\/\/vipla.se\/de\/wp-json\/wp\/v2\/pages"}],"about":[{"href":"https:\/\/vipla.se\/de\/wp-json\/wp\/v2\/types\/page"}],"author":[{"embeddable":true,"href":"https:\/\/vipla.se\/de\/wp-json\/wp\/v2\/users\/1"}],"replies":[{"embeddable":true,"href":"https:\/\/vipla.se\/de\/wp-json\/wp\/v2\/comments?post=124"}],"version-history":[{"count":3,"href":"https:\/\/vipla.se\/de\/wp-json\/wp\/v2\/pages\/124\/revisions"}],"predecessor-version":[{"id":173,"href":"https:\/\/vipla.se\/de\/wp-json\/wp\/v2\/pages\/124\/revisions\/173"}],"wp:attachment":[{"href":"https:\/\/vipla.se\/de\/wp-json\/wp\/v2\/media?parent=124"}],"curies":[{"name":"wp","href":"https:\/\/api.w.org\/{rel}","templated":true}]}}